{"id":300,"date":"2025-02-13T12:32:35","date_gmt":"2025-02-13T11:32:35","guid":{"rendered":"https:\/\/domsjofiber.fonta.se\/?page_id=300"},"modified":"2025-02-13T12:36:48","modified_gmt":"2025-02-13T11:36:48","slug":"integritetspolicy","status":"publish","type":"page","link":"https:\/\/domsjofiber.com\/en\/integritetspolicy\/","title":{"rendered":"Privacy Policy"},"content":{"rendered":"<div data-elementor-type=\"wp-page\" data-elementor-id=\"300\" class=\"elementor elementor-300\" data-elementor-post-type=\"page\">\n\t\t\t\t<div class=\"elementor-element elementor-element-ce61cd8 e-flex e-con-boxed e-con e-child\" data-id=\"ce61cd8\" data-element_type=\"container\" data-settings=\"{&quot;background_background&quot;:&quot;classic&quot;}\">\n\t\t\t\t\t<div class=\"e-con-inner\">\n\t\t<div class=\"elementor-element elementor-element-dc09308 e-con-full e-flex e-con e-child\" data-id=\"dc09308\" data-element_type=\"container\">\n\t\t\t\t<div class=\"elementor-element elementor-element-c6a289a elementor-widget-mobile__width-initial elementor-invisible elementor-widget elementor-widget-heading\" data-id=\"c6a289a\" data-element_type=\"widget\" data-settings=\"{&quot;_animation&quot;:&quot;fadeInDown&quot;}\" data-widget_type=\"heading.default\">\n\t\t\t\t\t<h1 class=\"elementor-heading-title elementor-size-default\">integritets<br>policy<\/h1>\t\t\t\t<\/div>\n\t\t\t\t<\/div>\n\t\t\t\t\t<\/div>\n\t\t\t\t<\/div>\n\t\t<div class=\"elementor-element elementor-element-67e8d62 e-con-full e-flex e-con e-parent\" data-id=\"67e8d62\" data-element_type=\"container\">\n\t\t\t\t<div class=\"elementor-element elementor-element-18d7a99 elementor-widget elementor-widget-template\" data-id=\"18d7a99\" data-element_type=\"widget\" data-widget_type=\"template.default\">\n\t\t\t\t<div class=\"elementor-widget-container\">\n\t\t\t\t\t\t\t<div class=\"elementor-template\">\n\t\t\t\t\t<div data-elementor-type=\"section\" data-elementor-id=\"11\" class=\"elementor elementor-11\" data-elementor-post-type=\"elementor_library\">\n\t\t\t<div class=\"elementor-element elementor-element-55e1cc50 e-con-full e-flex e-con e-parent\" data-id=\"55e1cc50\" data-element_type=\"container\">\n\t\t\t\t<\/div>\n\t\t\t\t<\/div>\n\t\t\t\t<\/div>\n\t\t\t\t\t\t<\/div>\n\t\t\t\t<\/div>\n\t\t\t\t<\/div>\n\t\t<div class=\"elementor-element elementor-element-bb5f1b5 e-flex e-con-boxed e-con e-parent\" data-id=\"bb5f1b5\" data-element_type=\"container\">\n\t\t\t\t\t<div class=\"e-con-inner\">\n\t\t<div class=\"elementor-element elementor-element-546337c e-con-full e-flex e-con e-child\" data-id=\"546337c\" data-element_type=\"container\">\n\t\t\t\t<div class=\"elementor-element elementor-element-8d3136c elementor-widget elementor-widget-heading\" data-id=\"8d3136c\" data-element_type=\"widget\" data-widget_type=\"heading.default\">\n\t\t\t\t\t<h4 class=\"elementor-heading-title elementor-size-default\">What personal data do we collect?<\/h4>\t\t\t\t<\/div>\n\t\t\t\t<div class=\"elementor-element elementor-element-661b3f7 elementor-widget elementor-widget-text-editor\" data-id=\"661b3f7\" data-element_type=\"widget\" data-widget_type=\"text-editor.default\">\n\t\t\t\t\t\t\t\t\t<p>When you contact Domsj\u00f6 Fiber AB, we only collect the personal data you provide in that communication.\nIf you are a customer of Domsj\u00f6 Fiber AB, we process the personal data you provide to us, such as your name, address, phone number, and email address.\nIf you represent an organization with which Domsj\u00f6 Fiber AB has an interest in maintaining contact, we collect the personal data necessary to uphold that relationship\u2014namely your name, address, phone number, and email address.<\/p>\t\t\t\t\t\t\t\t<\/div>\n\t\t\t\t<\/div>\n\t\t<div class=\"elementor-element elementor-element-52d8e97 e-con-full e-flex e-con e-child\" data-id=\"52d8e97\" data-element_type=\"container\">\n\t\t\t\t<div class=\"elementor-element elementor-element-41c008e elementor-widget elementor-widget-heading\" data-id=\"41c008e\" data-element_type=\"widget\" data-widget_type=\"heading.default\">\n\t\t\t\t\t<h4 class=\"elementor-heading-title elementor-size-default\">Why, how, and for how long do we process your personal data?<\/h4>\t\t\t\t<\/div>\n\t\t\t\t<div class=\"elementor-element elementor-element-c86579b elementor-widget elementor-widget-text-editor\" data-id=\"c86579b\" data-element_type=\"widget\" data-widget_type=\"text-editor.default\">\n\t\t\t\t\t\t\t\t\t<p>The personal and contact information collected by Domsj\u00f6 Fiber AB is used to deliver and provide Domsj\u00f6 Fiber AB\u2019s services and products when you are a customer of ours, and to enable us to contact you in connection with support matters.<\/p><p>The processing is necessary to fulfill the agreement with you as a customer, as well as to meet Domsj\u00f6 Fiber AB\u2019s legitimate interest in marketing and providing information about our services to you, and in improving and developing our services to ensure a high-quality customer experience.\nIf you represent an organization with which Domsj\u00f6 Fiber AB has an interest in maintaining contact, we have a legitimate interest in processing your personal data for the purpose of marketing and informing you about Domsj\u00f6 Fiber AB\u2019s range of digital services.<\/p><p>We retain your personal data for as long as you are a customer of ours, as long as our legitimate interest remains in marketing to you as a customer or as a representative of a customer or potential customer, and thereafter for as long as Domsj\u00f6 Fiber AB is legally required to retain the data.<\/p><p>Finally, we process your personal data if necessary to fulfill a legal obligation\u2014for example, we may be required to retain personal data for accounting purposes.<\/p>\t\t\t\t\t\t\t\t<\/div>\n\t\t\t\t<\/div>\n\t\t<div class=\"elementor-element elementor-element-d38ea0b e-con-full e-flex e-con e-child\" data-id=\"d38ea0b\" data-element_type=\"container\">\n\t\t\t\t<div class=\"elementor-element elementor-element-585eb48 elementor-widget elementor-widget-heading\" data-id=\"585eb48\" data-element_type=\"widget\" data-widget_type=\"heading.default\">\n\t\t\t\t\t<h4 class=\"elementor-heading-title elementor-size-default\">Your Rights<\/h4>\t\t\t\t<\/div>\n\t\t\t\t<div class=\"elementor-element elementor-element-2300015 elementor-widget elementor-widget-text-editor\" data-id=\"2300015\" data-element_type=\"widget\" data-widget_type=\"text-editor.default\">\n\t\t\t\t\t\t\t\t\t<p>You can request information about what personal data we have stored about you by contacting us. You may also request that we delete your personal data. However, Domsj\u00f6 Fiber AB may have the right to deny your request if there are legal obligations that prevent us from immediately deleting certain personal data, or if the processing is necessary for Domsj\u00f6 Fiber AB to establish, exercise, or defend legal claims.\nYou can read more about your rights here:<\/p><p><a style=\"text-align: var(--text-align); background-color: #ffffff; font-family: var( --e-global-typography-4d8e6cc-font-family ), Sans-serif; font-size: var( --e-global-typography-4d8e6cc-font-size );\" href=\"https:\/\/www.imy.se\/privatperson\/dataskydd\/dinarattigheter\" target=\"_blank\" rel=\"noopener\">https:\/\/www.imy.se\/privatperson\/dataskydd\/dinarattigheter<\/a><\/p><p><span style=\"text-align: var(--text-align); color: var( --e-global-color-496bc5b ); font-family: var( --e-global-typography-4d8e6cc-font-family ), Sans-serif; font-size: var( --e-global-typography-4d8e6cc-font-size );\">You also have the right to opt out of receiving our newsletters.<\/span><\/p>\t\t\t\t\t\t\t\t<\/div>\n\t\t\t\t<\/div>\n\t\t<div class=\"elementor-element elementor-element-131e24d e-con-full e-flex e-con e-child\" data-id=\"131e24d\" data-element_type=\"container\">\n\t\t\t\t<div class=\"elementor-element elementor-element-f9ca679 elementor-widget elementor-widget-heading\" data-id=\"f9ca679\" data-element_type=\"widget\" data-widget_type=\"heading.default\">\n\t\t\t\t\t<h4 class=\"elementor-heading-title elementor-size-default\">Who has access to the data?<\/h4>\t\t\t\t<\/div>\n\t\t\t\t<div class=\"elementor-element elementor-element-2c0ec98 elementor-widget elementor-widget-text-editor\" data-id=\"2c0ec98\" data-element_type=\"widget\" data-widget_type=\"text-editor.default\">\n\t\t\t\t\t\t\t\t\t<p>Domsj\u00f6 Fiber AB will not sell or disclose your personal data to any third party.<\/p>\t\t\t\t\t\t\t\t<\/div>\n\t\t\t\t<\/div>\n\t\t<div class=\"elementor-element elementor-element-18e3459 e-con-full e-flex e-con e-child\" data-id=\"18e3459\" data-element_type=\"container\">\n\t\t\t\t<div class=\"elementor-element elementor-element-c40d19e elementor-widget elementor-widget-heading\" data-id=\"c40d19e\" data-element_type=\"widget\" data-widget_type=\"heading.default\">\n\t\t\t\t\t<h4 class=\"elementor-heading-title elementor-size-default\">Supervisory Authority<\/h4>\t\t\t\t<\/div>\n\t\t\t\t<div class=\"elementor-element elementor-element-9b4d508 elementor-widget elementor-widget-text-editor\" data-id=\"9b4d508\" data-element_type=\"widget\" data-widget_type=\"text-editor.default\">\n\t\t\t\t\t\t\t\t\t<p>The Swedish Authority for Privacy Protection (IMY) is the supervisory authority in Sweden responsible for monitoring the application of data protection legislation. You can contact them via www.imy.se\u00a0<a style=\"text-align: var(--text-align); background-color: #ffffff; font-family: var( --e-global-typography-4d8e6cc-font-family ), Sans-serif; font-size: var( --e-global-typography-4d8e6cc-font-size );\" href=\"http:\/\/www.imy.se\" target=\"_blank\" rel=\"noopener\">www.imy.se<\/a><\/p>\t\t\t\t\t\t\t\t<\/div>\n\t\t\t\t<\/div>\n\t\t<div class=\"elementor-element elementor-element-b575dbd e-con-full e-flex e-con e-child\" data-id=\"b575dbd\" data-element_type=\"container\">\n\t\t\t\t<div class=\"elementor-element elementor-element-26d1e21 elementor-widget elementor-widget-heading\" data-id=\"26d1e21\" data-element_type=\"widget\" data-widget_type=\"heading.default\">\n\t\t\t\t\t<h4 class=\"elementor-heading-title elementor-size-default\">Contact Information for Domsj\u00f6 Fiber AB<\/h4>\t\t\t\t<\/div>\n\t\t\t\t<div class=\"elementor-element elementor-element-d8edc89 elementor-widget elementor-widget-text-editor\" data-id=\"d8edc89\" data-element_type=\"widget\" data-widget_type=\"text-editor.default\">\n\t\t\t\t\t\t\t\t\t<p>If you have any questions about how we process personal data or if you wish to make a request in accordance with your rights, you are always welcome to contact us at info@domsjofiber.com<\/p>\t\t\t\t\t\t\t\t<\/div>\n\t\t\t\t<\/div>\n\t\t\t\t\t<\/div>\n\t\t\t\t<\/div>\n\t\t\t\t<\/div>","protected":false},"excerpt":{"rendered":"<p>integritetspolicy Vilka personuppgifter samlar vi in? N\u00e4r du kontaktar Domsj\u00f6 Fiber AB samlar vi bara in de personuppgifter du ger oss i kontakten. Om du \u00e4r kund hos Domsj\u00f6 Fiber AB\u00a0behandlar vi de personuppgifter du l\u00e4mnar till oss, s\u00e5 som namn, adress, telefonnummer och e-postadress. Om du f\u00f6retr\u00e4der en organisation som Domsj\u00f6 Fiber AB\u00a0har ett [&hellip;]<\/p>","protected":false},"author":1,"featured_media":0,"parent":0,"menu_order":0,"comment_status":"closed","ping_status":"closed","template":"","meta":{"footnotes":""},"class_list":["post-300","page","type-page","status-publish","hentry"],"_links":{"self":[{"href":"https:\/\/domsjofiber.com\/en\/wp-json\/wp\/v2\/pages\/300","targetHints":{"allow":["GET"]}}],"collection":[{"href":"https:\/\/domsjofiber.com\/en\/wp-json\/wp\/v2\/pages"}],"about":[{"href":"https:\/\/domsjofiber.com\/en\/wp-json\/wp\/v2\/types\/page"}],"author":[{"embeddable":true,"href":"https:\/\/domsjofiber.com\/en\/wp-json\/wp\/v2\/users\/1"}],"replies":[{"embeddable":true,"href":"https:\/\/domsjofiber.com\/en\/wp-json\/wp\/v2\/comments?post=300"}],"version-history":[{"count":4,"href":"https:\/\/domsjofiber.com\/en\/wp-json\/wp\/v2\/pages\/300\/revisions"}],"predecessor-version":[{"id":305,"href":"https:\/\/domsjofiber.com\/en\/wp-json\/wp\/v2\/pages\/300\/revisions\/305"}],"wp:attachment":[{"href":"https:\/\/domsjofiber.com\/en\/wp-json\/wp\/v2\/media?parent=300"}],"curies":[{"name":"wp","href":"https:\/\/api.w.org\/{rel}","templated":true}]}}