{"id":242,"date":"2025-02-13T10:32:08","date_gmt":"2025-02-13T09:32:08","guid":{"rendered":"https:\/\/domsjofiber.fonta.se\/?page_id=242"},"modified":"2025-04-25T14:58:58","modified_gmt":"2025-04-25T13:58:58","slug":"logistik","status":"publish","type":"page","link":"https:\/\/domsjofiber.com\/en\/logistik\/","title":{"rendered":"Logistics"},"content":{"rendered":"<div data-elementor-type=\"wp-page\" data-elementor-id=\"242\" class=\"elementor elementor-242\" data-elementor-post-type=\"page\">\n\t\t\t\t<div class=\"elementor-element elementor-element-28f7014 e-flex e-con-boxed e-con e-child\" data-id=\"28f7014\" data-element_type=\"container\" data-settings=\"{&quot;background_background&quot;:&quot;classic&quot;}\">\n\t\t\t\t\t<div class=\"e-con-inner\">\n\t\t<div class=\"elementor-element elementor-element-8dea1f0 e-con-full e-flex elementor-invisible e-con e-child\" data-id=\"8dea1f0\" data-element_type=\"container\" data-settings=\"{&quot;animation&quot;:&quot;slideInDown&quot;}\">\n\t\t\t\t<div class=\"elementor-element elementor-element-5ba1bbf elementor-widget-mobile__width-initial elementor-widget elementor-widget-heading\" data-id=\"5ba1bbf\" data-element_type=\"widget\" data-widget_type=\"heading.default\">\n\t\t\t\t\t<h1 class=\"elementor-heading-title elementor-size-default\">Logistics<\/h1>\t\t\t\t<\/div>\n\t\t\t\t<div class=\"elementor-element elementor-element-cbbfb43 elementor-widget elementor-widget-heading\" data-id=\"cbbfb43\" data-element_type=\"widget\" data-widget_type=\"heading.default\">\n\t\t\t\t\t<span class=\"elementor-heading-title elementor-size-default\">Domsj\u00f6 Fiber has excellent logistics capabilities for receiving raw materials.<\/span>\t\t\t\t<\/div>\n\t\t\t\t<\/div>\n\t\t<div class=\"elementor-element elementor-element-3286434 e-con-full e-flex elementor-invisible e-con e-child\" data-id=\"3286434\" data-element_type=\"container\" data-settings=\"{&quot;position&quot;:&quot;absolute&quot;,&quot;animation&quot;:&quot;slideInUp&quot;}\">\n\t\t\t\t<div class=\"elementor-element elementor-element-4aa7876 elementor-widget elementor-widget-heading\" data-id=\"4aa7876\" data-element_type=\"widget\" data-widget_type=\"heading.default\">\n\t\t\t\t\t<span class=\"elementor-heading-title elementor-size-default\"><a href=\"#info\">Read more<\/a><\/span>\t\t\t\t<\/div>\n\t\t\t\t<div class=\"elementor-element elementor-element-0eb408e elementor-view-default elementor-widget elementor-widget-icon\" data-id=\"0eb408e\" data-element_type=\"widget\" data-widget_type=\"icon.default\">\n\t\t\t\t\t\t\t<div class=\"elementor-icon-wrapper\">\n\t\t\t<a class=\"elementor-icon\" href=\"#info\">\n\t\t\t<svg xmlns=\"http:\/\/www.w3.org\/2000\/svg\" width=\"32\" height=\"32\" fill=\"#000000\" viewbox=\"0 0 256 256\"><path d=\"M205.66,149.66l-72,72a8,8,0,0,1-11.32,0l-72-72a8,8,0,0,1,11.32-11.32L120,196.69V40a8,8,0,0,1,16,0V196.69l58.34-58.35a8,8,0,0,1,11.32,11.32Z\"><\/path><\/svg>\t\t\t<\/a>\n\t\t<\/div>\n\t\t\t\t\t\t<\/div>\n\t\t\t\t<\/div>\n\t\t\t\t\t<\/div>\n\t\t\t\t<\/div>\n\t\t<div class=\"elementor-element elementor-element-53d83e6 e-con-full e-flex e-con e-parent\" data-id=\"53d83e6\" data-element_type=\"container\">\n\t\t\t\t<div class=\"elementor-element elementor-element-c931791 elementor-widget elementor-widget-template\" data-id=\"c931791\" data-element_type=\"widget\" data-widget_type=\"template.default\">\n\t\t\t\t<div class=\"elementor-widget-container\">\n\t\t\t\t\t\t\t<div class=\"elementor-template\">\n\t\t\t\t\t<div data-elementor-type=\"section\" data-elementor-id=\"11\" class=\"elementor elementor-11\" data-elementor-post-type=\"elementor_library\">\n\t\t\t<div class=\"elementor-element elementor-element-55e1cc50 e-con-full e-flex e-con e-parent\" data-id=\"55e1cc50\" data-element_type=\"container\">\n\t\t\t\t<\/div>\n\t\t\t\t<\/div>\n\t\t\t\t<\/div>\n\t\t\t\t\t\t<\/div>\n\t\t\t\t<\/div>\n\t\t\t\t<\/div>\n\t\t<div class=\"elementor-element elementor-element-0f8e0e8 e-flex e-con-boxed elementor-invisible e-con e-child\" data-id=\"0f8e0e8\" data-element_type=\"container\" data-settings=\"{&quot;animation&quot;:&quot;fadeIn&quot;}\">\n\t\t\t\t\t<div class=\"e-con-inner\">\n\t\t\t\t<div class=\"elementor-element elementor-element-e20c26d elementor-absolute elementor-widget elementor-widget-menu-anchor\" data-id=\"e20c26d\" data-element_type=\"widget\" data-settings=\"{&quot;_position&quot;:&quot;absolute&quot;}\" data-widget_type=\"menu-anchor.default\">\n\t\t\t\t\t\t\t<div class=\"elementor-menu-anchor\" id=\"info\"><\/div>\n\t\t\t\t\t\t<\/div>\n\t\t\t\t<div class=\"elementor-element elementor-element-73f2cd3 elementor-widget__width-initial elementor-widget-tablet__width-inherit elementor-widget elementor-widget-text-editor\" data-id=\"73f2cd3\" data-element_type=\"widget\" data-widget_type=\"text-editor.default\">\n\t\t\t\t\t\t\t\t\t<p>Domsj\u00f6 Fiber procures all raw materials for the facilities of Domsj\u00f6 Fabriker and \u00d6vik Energi. Its geographic location provides excellent conditions for receiving raw materials delivered by ship, rail, and truck.<\/p>\t\t\t\t\t\t\t\t<\/div>\n\t\t\t\t\t<\/div>\n\t\t\t\t<\/div>\n\t\t<div class=\"elementor-element elementor-element-b80bdcb e-con-full e-flex e-con e-parent\" data-id=\"b80bdcb\" data-element_type=\"container\">\n\t\t\t\t<div class=\"elementor-element elementor-element-93cffc5 elementor-widget elementor-widget-template\" data-id=\"93cffc5\" data-element_type=\"widget\" data-widget_type=\"template.default\">\n\t\t\t\t<div class=\"elementor-widget-container\">\n\t\t\t\t\t\t\t<div class=\"elementor-template\">\n\t\t\t\t\t<div data-elementor-type=\"section\" data-elementor-id=\"9\" class=\"elementor elementor-9\" data-elementor-post-type=\"elementor_library\">\n\t\t\t<div class=\"elementor-element elementor-element-4ae5cb77 e-con-full e-flex e-con e-parent\" data-id=\"4ae5cb77\" data-element_type=\"container\">\n\t\t\t\t<div class=\"elementor-element elementor-element-d5b5223 elementor-widget-divider--view-line elementor-widget elementor-widget-divider\" data-id=\"d5b5223\" data-element_type=\"widget\" data-widget_type=\"divider.default\">\n\t\t\t\t\t\t\t<div class=\"elementor-divider\">\n\t\t\t<span class=\"elementor-divider-separator\">\n\t\t\t\t\t\t<\/span>\n\t\t<\/div>\n\t\t\t\t\t\t<\/div>\n\t\t\t\t<\/div>\n\t\t\t\t<\/div>\n\t\t\t\t<\/div>\n\t\t\t\t\t\t<\/div>\n\t\t\t\t<\/div>\n\t\t\t\t<\/div>\n\t\t<div class=\"elementor-element elementor-element-f23890c e-flex e-con-boxed e-con e-child\" data-id=\"f23890c\" data-element_type=\"container\">\n\t\t\t\t\t<div class=\"e-con-inner\">\n\t\t<div class=\"elementor-element elementor-element-bf19849 e-con-full e-flex e-con e-child\" data-id=\"bf19849\" data-element_type=\"container\">\n\t\t\t\t<div class=\"elementor-element elementor-element-aadef3c elementor-widget__width-inherit elementor-widget-mobile__width-inherit elementor-widget elementor-widget-heading\" data-id=\"aadef3c\" data-element_type=\"widget\" data-widget_type=\"heading.default\">\n\t\t\t\t\t<h2 class=\"elementor-heading-title elementor-size-default\">Efficient transportation and sustainable logistics<\/h2>\t\t\t\t<\/div>\n\t\t<div class=\"elementor-element elementor-element-720e22c e-con-full e-flex e-con e-child\" data-id=\"720e22c\" data-element_type=\"container\">\n\t\t\t\t<div class=\"elementor-element elementor-element-e3277a7 elementor-widget elementor-widget-text-editor\" data-id=\"e3277a7\" data-element_type=\"widget\" data-widget_type=\"text-editor.default\">\n\t\t\t\t\t\t\t\t\t<p>The Port of H\u00f6rneborg is located directly adjacent to the industrial area and is owned and operated by the municipally owned company \u00d6viks Hamn och Logistik AB. <br>To optimize sea transport, we collaborate with Domsj\u00f6 Fabriker by shipping cellulose and lignin on the return voyage to L\u00fcbeck, where the cargo is reloaded for further transport to destinations around the world.<\/p>\n<p>Railway tracks are directly connected to the industrial area, providing us with the added transport advantage of receiving raw materials by train.<\/p>\n<p>We use a few external terminals for storage of both pulpwood and biofuel.<\/p>\t\t\t\t\t\t\t\t<\/div>\n\t\t\t\t<\/div>\n\t\t\t\t<\/div>\n\t\t<div class=\"elementor-element elementor-element-95abe20 e-con-full e-flex e-con e-child\" data-id=\"95abe20\" data-element_type=\"container\" data-settings=\"{&quot;background_background&quot;:&quot;classic&quot;}\">\n\t\t\t\t<\/div>\n\t\t\t\t\t<\/div>\n\t\t\t\t<\/div>\n\t\t<div class=\"elementor-element elementor-element-75f5609 e-con-full e-flex e-con e-parent\" data-id=\"75f5609\" data-element_type=\"container\">\n\t\t\t\t<div class=\"elementor-element elementor-element-6f3e107 elementor-widget elementor-widget-template\" data-id=\"6f3e107\" data-element_type=\"widget\" data-widget_type=\"template.default\">\n\t\t\t\t<div class=\"elementor-widget-container\">\n\t\t\t\t\t\t\t<div class=\"elementor-template\">\n\t\t\t\t\t<div data-elementor-type=\"section\" data-elementor-id=\"11\" class=\"elementor elementor-11\" data-elementor-post-type=\"elementor_library\">\n\t\t\t<div class=\"elementor-element elementor-element-55e1cc50 e-con-full e-flex e-con e-parent\" data-id=\"55e1cc50\" data-element_type=\"container\">\n\t\t\t\t<\/div>\n\t\t\t\t<\/div>\n\t\t\t\t<\/div>\n\t\t\t\t\t\t<\/div>\n\t\t\t\t<\/div>\n\t\t\t\t<\/div>\n\t\t<div class=\"elementor-element elementor-element-d4dc154 e-flex e-con-boxed e-con e-child\" data-id=\"d4dc154\" data-element_type=\"container\">\n\t\t\t\t\t<div class=\"e-con-inner\">\n\t\t<div class=\"elementor-element elementor-element-8fb2379 e-con-full e-flex e-con e-child\" data-id=\"8fb2379\" data-element_type=\"container\">\n\t\t\t\t<div class=\"elementor-element elementor-element-9698639 elementor-widget__width-inherit elementor-widget-mobile__width-inherit elementor-widget elementor-widget-heading\" data-id=\"9698639\" data-element_type=\"widget\" data-widget_type=\"heading.default\">\n\t\t\t\t\t<h2 class=\"elementor-heading-title elementor-size-default\">biometria<\/h2>\t\t\t\t<\/div>\n\t\t<div class=\"elementor-element elementor-element-fee93fc e-con-full e-flex e-con e-child\" data-id=\"fee93fc\" data-element_type=\"container\">\n\t\t\t\t<div class=\"elementor-element elementor-element-05ead0d elementor-widget elementor-widget-text-editor\" data-id=\"05ead0d\" data-element_type=\"widget\" data-widget_type=\"text-editor.default\">\n\t\t\t\t\t\t\t\t\t<p>All incoming raw material is measured by Biometria, regardless if it is wood or biofuel. Biometria is a national independent timber measuring and reporting association, a fusion of former associations VMF and SDC.<\/p><p>The wood is measured in solid cubic metres under bark (scbm) by weighing and by atomatized camera measuring.<\/p><p>The biofuel is measured in scbm or tonnes, after which the conversion to MWh is made on the basis of measured moisture content, ash content and energy calculation keys.<\/p><p>A sampling method is used to make the measurement rational and accurate.<\/p>\t\t\t\t\t\t\t\t<\/div>\n\t\t\t\t<div class=\"elementor-element elementor-element-04fd83d elementor-widget elementor-widget-button\" data-id=\"04fd83d\" data-element_type=\"widget\" data-widget_type=\"button.default\">\n\t\t\t\t\t\t\t\t\t\t<a class=\"elementor-button elementor-button-link elementor-size-sm\" href=\"https:\/\/www.biometria.se\" target=\"_blank\">\n\t\t\t\t\t\t<span class=\"elementor-button-content-wrapper\">\n\t\t\t\t\t\t\t\t\t<span class=\"elementor-button-text\">Visit www.biometria.se<\/span>\n\t\t\t\t\t<\/span>\n\t\t\t\t\t<\/a>\n\t\t\t\t\t\t\t\t<\/div>\n\t\t\t\t<\/div>\n\t\t\t\t<\/div>\n\t\t<div class=\"elementor-element elementor-element-c710b27 e-con-full e-flex e-con e-child\" data-id=\"c710b27\" data-element_type=\"container\" data-settings=\"{&quot;background_background&quot;:&quot;classic&quot;}\">\n\t\t\t\t<\/div>\n\t\t\t\t\t<\/div>\n\t\t\t\t<\/div>\n\t\t\t\t<\/div>","protected":false},"excerpt":{"rendered":"<p>logistik Domsj\u00f6 Fiber har goda logistikm\u00f6jligheter f\u00f6r mottagning av r\u00e5varor L\u00e4s mer Domsj\u00f6 Fiber anskaffar all r\u00e5vara till Domsj\u00f6 Fabrikers och \u00d6vik Energis anl\u00e4ggningar. Det geografiska l\u00e4get ger goda f\u00f6ruts\u00e4ttningar att mottaga r\u00e5varor levererade med b\u00e5t, j\u00e4rnv\u00e4g och lastbil. Effektiva transporter och h\u00e5llbar logistik H\u00f6rneborgshamnen ligger i direkt anslutning till industriomr\u00e5det och \u00e4gs och drivs [&hellip;]<\/p>","protected":false},"author":1,"featured_media":0,"parent":0,"menu_order":0,"comment_status":"closed","ping_status":"closed","template":"","meta":{"footnotes":""},"class_list":["post-242","page","type-page","status-publish","hentry"],"_links":{"self":[{"href":"https:\/\/domsjofiber.com\/en\/wp-json\/wp\/v2\/pages\/242","targetHints":{"allow":["GET"]}}],"collection":[{"href":"https:\/\/domsjofiber.com\/en\/wp-json\/wp\/v2\/pages"}],"about":[{"href":"https:\/\/domsjofiber.com\/en\/wp-json\/wp\/v2\/types\/page"}],"author":[{"embeddable":true,"href":"https:\/\/domsjofiber.com\/en\/wp-json\/wp\/v2\/users\/1"}],"replies":[{"embeddable":true,"href":"https:\/\/domsjofiber.com\/en\/wp-json\/wp\/v2\/comments?post=242"}],"version-history":[{"count":31,"href":"https:\/\/domsjofiber.com\/en\/wp-json\/wp\/v2\/pages\/242\/revisions"}],"predecessor-version":[{"id":592,"href":"https:\/\/domsjofiber.com\/en\/wp-json\/wp\/v2\/pages\/242\/revisions\/592"}],"wp:attachment":[{"href":"https:\/\/domsjofiber.com\/en\/wp-json\/wp\/v2\/media?parent=242"}],"curies":[{"name":"wp","href":"https:\/\/api.w.org\/{rel}","templated":true}]}}