{"id":206,"date":"2025-02-13T10:01:10","date_gmt":"2025-02-13T09:01:10","guid":{"rendered":"https:\/\/domsjofiber.fonta.se\/?page_id=206"},"modified":"2025-03-31T08:32:45","modified_gmt":"2025-03-31T07:32:45","slug":"ravaror","status":"publish","type":"page","link":"https:\/\/domsjofiber.com\/en\/ravaror\/","title":{"rendered":"Raw material"},"content":{"rendered":"<div data-elementor-type=\"wp-page\" data-elementor-id=\"206\" class=\"elementor elementor-206\" data-elementor-post-type=\"page\">\n\t\t\t\t<div class=\"elementor-element elementor-element-e40a138 e-flex e-con-boxed e-con e-child\" data-id=\"e40a138\" data-element_type=\"container\" data-settings=\"{&quot;background_background&quot;:&quot;classic&quot;}\">\n\t\t\t\t\t<div class=\"e-con-inner\">\n\t\t<div class=\"elementor-element elementor-element-6e8c2e9 e-con-full e-flex elementor-invisible e-con e-child\" data-id=\"6e8c2e9\" data-element_type=\"container\" data-settings=\"{&quot;animation&quot;:&quot;slideInDown&quot;}\">\n\t\t\t\t<div class=\"elementor-element elementor-element-8c3ed60 elementor-widget-mobile__width-initial elementor-widget elementor-widget-heading\" data-id=\"8c3ed60\" data-element_type=\"widget\" data-widget_type=\"heading.default\">\n\t\t\t\t\t<h1 class=\"elementor-heading-title elementor-size-default\">Raw material<\/h1>\t\t\t\t<\/div>\n\t\t\t\t<div class=\"elementor-element elementor-element-2036e98 elementor-widget elementor-widget-heading\" data-id=\"2036e98\" data-element_type=\"widget\" data-widget_type=\"heading.default\">\n\t\t\t\t\t<span class=\"elementor-heading-title elementor-size-default\">Domsj\u00f6 Fiber is committed to the local community and strives to maximize the use of locally sourced raw materials. <\/span>\t\t\t\t<\/div>\n\t\t\t\t<\/div>\n\t\t<div class=\"elementor-element elementor-element-4f0a0e9 e-con-full e-flex elementor-invisible e-con e-child\" data-id=\"4f0a0e9\" data-element_type=\"container\" data-settings=\"{&quot;position&quot;:&quot;absolute&quot;,&quot;animation&quot;:&quot;slideInUp&quot;}\">\n\t\t\t\t<div class=\"elementor-element elementor-element-118e3f8 elementor-widget elementor-widget-heading\" data-id=\"118e3f8\" data-element_type=\"widget\" data-widget_type=\"heading.default\">\n\t\t\t\t\t<span class=\"elementor-heading-title elementor-size-default\"><a href=\"#info\">Read more<\/a><\/span>\t\t\t\t<\/div>\n\t\t\t\t<div class=\"elementor-element elementor-element-6d3efa6 elementor-view-default elementor-widget elementor-widget-icon\" data-id=\"6d3efa6\" data-element_type=\"widget\" data-widget_type=\"icon.default\">\n\t\t\t\t\t\t\t<div class=\"elementor-icon-wrapper\">\n\t\t\t<a class=\"elementor-icon\" href=\"#info\">\n\t\t\t<svg xmlns=\"http:\/\/www.w3.org\/2000\/svg\" width=\"32\" height=\"32\" fill=\"#000000\" viewbox=\"0 0 256 256\"><path d=\"M205.66,149.66l-72,72a8,8,0,0,1-11.32,0l-72-72a8,8,0,0,1,11.32-11.32L120,196.69V40a8,8,0,0,1,16,0V196.69l58.34-58.35a8,8,0,0,1,11.32,11.32Z\"><\/path><\/svg>\t\t\t<\/a>\n\t\t<\/div>\n\t\t\t\t\t\t<\/div>\n\t\t\t\t<\/div>\n\t\t\t\t\t<\/div>\n\t\t\t\t<\/div>\n\t\t<div class=\"elementor-element elementor-element-e196c56 e-con-full e-flex e-con e-parent\" data-id=\"e196c56\" data-element_type=\"container\">\n\t\t\t\t<div class=\"elementor-element elementor-element-dc401d5 elementor-widget elementor-widget-template\" data-id=\"dc401d5\" data-element_type=\"widget\" data-widget_type=\"template.default\">\n\t\t\t\t<div class=\"elementor-widget-container\">\n\t\t\t\t\t\t\t<div class=\"elementor-template\">\n\t\t\t\t\t<div data-elementor-type=\"section\" data-elementor-id=\"11\" class=\"elementor elementor-11\" data-elementor-post-type=\"elementor_library\">\n\t\t\t<div class=\"elementor-element elementor-element-55e1cc50 e-con-full e-flex e-con e-parent\" data-id=\"55e1cc50\" data-element_type=\"container\">\n\t\t\t\t<\/div>\n\t\t\t\t<\/div>\n\t\t\t\t<\/div>\n\t\t\t\t\t\t<\/div>\n\t\t\t\t<\/div>\n\t\t\t\t<\/div>\n\t\t<div class=\"elementor-element elementor-element-cafc721 e-flex e-con-boxed elementor-invisible e-con e-child\" data-id=\"cafc721\" data-element_type=\"container\" data-settings=\"{&quot;animation&quot;:&quot;fadeIn&quot;}\">\n\t\t\t\t\t<div class=\"e-con-inner\">\n\t\t\t\t<div class=\"elementor-element elementor-element-f6f4097 elementor-absolute elementor-widget elementor-widget-menu-anchor\" data-id=\"f6f4097\" data-element_type=\"widget\" data-settings=\"{&quot;_position&quot;:&quot;absolute&quot;}\" data-widget_type=\"menu-anchor.default\">\n\t\t\t\t\t\t\t<div class=\"elementor-menu-anchor\" id=\"info\"><\/div>\n\t\t\t\t\t\t<\/div>\n\t\t\t\t<div class=\"elementor-element elementor-element-8427a8a elementor-widget__width-initial elementor-widget-tablet__width-inherit elementor-widget elementor-widget-text-editor\" data-id=\"8427a8a\" data-element_type=\"widget\" data-widget_type=\"text-editor.default\">\n\t\t\t\t\t\t\t\t\t<p>Locally sourced raw materials reduce transport distances and thereby minimize environmental impact, while also benefiting forest owners in our region. We work to promote more stable prices and more efficient transportation.<\/p><p>The co-operation between \u00d6vik Energi and Domsj\u00f6 Fabriker makes it possible for Domsj\u00f6 Fiber to procure several different types of raw material and then distribute the raw material to the production units of the owners.<\/p>\t\t\t\t\t\t\t\t<\/div>\n\t\t\t\t\t<\/div>\n\t\t\t\t<\/div>\n\t\t<div class=\"elementor-element elementor-element-15e71bd e-con-full e-flex e-con e-parent\" data-id=\"15e71bd\" data-element_type=\"container\">\n\t\t\t\t<div class=\"elementor-element elementor-element-cd4107a elementor-widget elementor-widget-template\" data-id=\"cd4107a\" data-element_type=\"widget\" data-widget_type=\"template.default\">\n\t\t\t\t<div class=\"elementor-widget-container\">\n\t\t\t\t\t\t\t<div class=\"elementor-template\">\n\t\t\t\t\t<div data-elementor-type=\"section\" data-elementor-id=\"9\" class=\"elementor elementor-9\" data-elementor-post-type=\"elementor_library\">\n\t\t\t<div class=\"elementor-element elementor-element-4ae5cb77 e-con-full e-flex e-con e-parent\" data-id=\"4ae5cb77\" data-element_type=\"container\">\n\t\t\t\t<div class=\"elementor-element elementor-element-d5b5223 elementor-widget-divider--view-line elementor-widget elementor-widget-divider\" data-id=\"d5b5223\" data-element_type=\"widget\" data-widget_type=\"divider.default\">\n\t\t\t\t\t\t\t<div class=\"elementor-divider\">\n\t\t\t<span class=\"elementor-divider-separator\">\n\t\t\t\t\t\t<\/span>\n\t\t<\/div>\n\t\t\t\t\t\t<\/div>\n\t\t\t\t<\/div>\n\t\t\t\t<\/div>\n\t\t\t\t<\/div>\n\t\t\t\t\t\t<\/div>\n\t\t\t\t<\/div>\n\t\t\t\t<\/div>\n\t\t<div class=\"elementor-element elementor-element-52bee3e e-flex e-con-boxed e-con e-child\" data-id=\"52bee3e\" data-element_type=\"container\" data-settings=\"{&quot;background_background&quot;:&quot;classic&quot;}\">\n\t\t\t\t\t<div class=\"e-con-inner\">\n\t\t<div class=\"elementor-element elementor-element-ed2728a e-con-full e-flex e-con e-child\" data-id=\"ed2728a\" data-element_type=\"container\" data-settings=\"{&quot;background_background&quot;:&quot;classic&quot;}\">\n\t\t\t\t<div class=\"elementor-element elementor-element-a5410a3 elementor-widget elementor-widget-heading\" data-id=\"a5410a3\" data-element_type=\"widget\" data-widget_type=\"heading.default\">\n\t\t\t\t\t<h2 class=\"elementor-heading-title elementor-size-default\">Flexible choice of raw material<\/h2>\t\t\t\t<\/div>\n\t\t<div class=\"elementor-element elementor-element-6745dc5 e-con-full e-flex e-con e-child\" data-id=\"6745dc5\" data-element_type=\"container\">\n\t\t\t\t<div class=\"elementor-element elementor-element-9883d4b elementor-widget elementor-widget-text-editor\" data-id=\"9883d4b\" data-element_type=\"widget\" data-widget_type=\"text-editor.default\">\n\t\t\t\t\t\t\t\t\t<p>Domsj\u00f6 Fabriker consumes about 1.3 million scbm of pulpwood and wood chips annually. Thanks to the unique process of Domsj\u00f6 Fabriker a flexible range of raw material is allowed.<\/p><p>\u00d6vik Energi consumes approximately 800 GWh of biofuel per year. The biofuel primarily consists of by-products from local sawmills and the local pulp industry, as well as forest-derived biofuels.<\/p>\t\t\t\t\t\t\t\t<\/div>\n\t\t\t\t<\/div>\n\t\t\t\t<\/div>\n\t\t<div class=\"elementor-element elementor-element-6307bf3 e-con-full e-flex e-con e-child\" data-id=\"6307bf3\" data-element_type=\"container\" data-settings=\"{&quot;background_background&quot;:&quot;classic&quot;}\">\n\t\t\t\t<\/div>\n\t\t\t\t\t<\/div>\n\t\t\t\t<\/div>\n\t\t<div class=\"elementor-element elementor-element-71ef99d e-con-full e-flex e-con e-parent\" data-id=\"71ef99d\" data-element_type=\"container\">\n\t\t\t\t<div class=\"elementor-element elementor-element-e8e3ba6 elementor-widget elementor-widget-template\" data-id=\"e8e3ba6\" data-element_type=\"widget\" data-widget_type=\"template.default\">\n\t\t\t\t<div class=\"elementor-widget-container\">\n\t\t\t\t\t\t\t<div class=\"elementor-template\">\n\t\t\t\t\t<div data-elementor-type=\"section\" data-elementor-id=\"11\" class=\"elementor elementor-11\" data-elementor-post-type=\"elementor_library\">\n\t\t\t<div class=\"elementor-element elementor-element-55e1cc50 e-con-full e-flex e-con e-parent\" data-id=\"55e1cc50\" data-element_type=\"container\">\n\t\t\t\t<\/div>\n\t\t\t\t<\/div>\n\t\t\t\t<\/div>\n\t\t\t\t\t\t<\/div>\n\t\t\t\t<\/div>\n\t\t\t\t<\/div>\n\t\t<div class=\"elementor-element elementor-element-3795ae8 e-flex e-con-boxed e-con e-child\" data-id=\"3795ae8\" data-element_type=\"container\" data-settings=\"{&quot;background_background&quot;:&quot;classic&quot;}\">\n\t\t\t\t\t<div class=\"e-con-inner\">\n\t\t<div class=\"elementor-element elementor-element-228a3a3 e-con-full e-flex e-con e-child\" data-id=\"228a3a3\" data-element_type=\"container\" data-settings=\"{&quot;background_background&quot;:&quot;classic&quot;}\">\n\t\t<div class=\"elementor-element elementor-element-ff2d6bd e-con-full e-flex e-con e-child\" data-id=\"ff2d6bd\" data-element_type=\"container\">\n\t\t\t\t<div class=\"elementor-element elementor-element-baf12cc elementor-widget elementor-widget-heading\" data-id=\"baf12cc\" data-element_type=\"widget\" data-widget_type=\"heading.default\">\n\t\t\t\t\t<h2 class=\"elementor-heading-title elementor-size-default\">Raw material optimization<\/h2>\t\t\t\t<\/div>\n\t\t\t\t<\/div>\n\t\t<div class=\"elementor-element elementor-element-3e9890f e-con-full e-flex e-con e-child\" data-id=\"3e9890f\" data-element_type=\"container\">\n\t\t\t\t<div class=\"elementor-element elementor-element-a6bbf4a elementor-widget elementor-widget-image\" data-id=\"a6bbf4a\" data-element_type=\"widget\" data-widget_type=\"image.default\">\n\t\t\t\t\t\t\t\t\t\t\t\t\t\t\t<img fetchpriority=\"high\" decoding=\"async\" width=\"700\" height=\"422\" src=\"https:\/\/domsjofiber.com\/wp-content\/uploads\/2025\/03\/Ravaruoptimering-1.webp\" class=\"attachment-large size-large wp-image-558\" alt=\"\" srcset=\"https:\/\/domsjofiber.com\/wp-content\/uploads\/2025\/03\/Ravaruoptimering-1.webp 700w, https:\/\/domsjofiber.com\/wp-content\/uploads\/2025\/03\/Ravaruoptimering-1-300x181.webp 300w, https:\/\/domsjofiber.com\/wp-content\/uploads\/2025\/03\/Ravaruoptimering-1-18x12.webp 18w\" sizes=\"(max-width: 700px) 100vw, 700px\" \/>\t\t\t\t\t\t\t\t\t\t\t\t\t\t\t<\/div>\n\t\t\t\t<\/div>\n\t\t\t\t<\/div>\n\t\t\t\t\t<\/div>\n\t\t\t\t<\/div>\n\t\t\t\t<\/div>","protected":false},"excerpt":{"rendered":"<p>r\u00e5varor Domsj\u00f6 Fiber v\u00e4rnar om n\u00e4romr\u00e5det och str\u00e4var efter att maximera andelen lokal r\u00e5vara. L\u00e4s mer Lokal r\u00e5vara minskar transportavst\u00e5ndet och d\u00e4rmed \u00e4ven milj\u00f6p\u00e5verkan, samtidigt som det gynnar skogs\u00e4gare i v\u00e5r region. Vi verkar f\u00f6r stabilare priser och effektivare transporter. Genom samverkan ser vi till att v\u00e4rdet av skogen kommer lokala akt\u00f6rer till godo. Samarbetet [&hellip;]<\/p>","protected":false},"author":1,"featured_media":0,"parent":0,"menu_order":0,"comment_status":"closed","ping_status":"closed","template":"","meta":{"footnotes":""},"class_list":["post-206","page","type-page","status-publish","hentry"],"_links":{"self":[{"href":"https:\/\/domsjofiber.com\/en\/wp-json\/wp\/v2\/pages\/206","targetHints":{"allow":["GET"]}}],"collection":[{"href":"https:\/\/domsjofiber.com\/en\/wp-json\/wp\/v2\/pages"}],"about":[{"href":"https:\/\/domsjofiber.com\/en\/wp-json\/wp\/v2\/types\/page"}],"author":[{"embeddable":true,"href":"https:\/\/domsjofiber.com\/en\/wp-json\/wp\/v2\/users\/1"}],"replies":[{"embeddable":true,"href":"https:\/\/domsjofiber.com\/en\/wp-json\/wp\/v2\/comments?post=206"}],"version-history":[{"count":49,"href":"https:\/\/domsjofiber.com\/en\/wp-json\/wp\/v2\/pages\/206\/revisions"}],"predecessor-version":[{"id":561,"href":"https:\/\/domsjofiber.com\/en\/wp-json\/wp\/v2\/pages\/206\/revisions\/561"}],"wp:attachment":[{"href":"https:\/\/domsjofiber.com\/en\/wp-json\/wp\/v2\/media?parent=206"}],"curies":[{"name":"wp","href":"https:\/\/api.w.org\/{rel}","templated":true}]}}